{"id":261,"date":"2023-07-22T00:50:10","date_gmt":"2023-07-22T00:50:10","guid":{"rendered":"https:\/\/marionfontainetest.me\/?page_id=261"},"modified":"2024-11-11T17:46:55","modified_gmt":"2024-11-11T17:46:55","slug":"hauts-et-multipotentiels","status":"publish","type":"page","link":"https:\/\/marionfontaine.com\/en\/hauts-et-multipotentiels\/","title":{"rendered":"High and multipotential"},"content":{"rendered":"<div data-elementor-type=\"wp-page\" data-elementor-id=\"261\" class=\"elementor elementor-261\" data-elementor-post-type=\"page\">\n\t\t\t\t\t\t<section class=\"elementor-section elementor-top-section elementor-element elementor-element-46405c4 elementor-section-height-min-height elementor-section-boxed elementor-section-height-default elementor-section-items-middle\" data-id=\"46405c4\" data-element_type=\"section\" data-e-type=\"section\" data-settings=\"{&quot;background_background&quot;:&quot;classic&quot;,&quot;ekit_has_onepagescroll_dot&quot;:&quot;yes&quot;}\">\n\t\t\t\t\t\t<div class=\"elementor-container elementor-column-gap-default\">\n\t\t\t\t\t<div class=\"elementor-column elementor-col-100 elementor-top-column elementor-element elementor-element-df55702\" data-id=\"df55702\" data-element_type=\"column\" data-e-type=\"column\">\n\t\t\t<div class=\"elementor-widget-wrap elementor-element-populated\">\n\t\t\t\t\t\t<div class=\"elementor-element elementor-element-032bf29 elementor-widget elementor-widget-heading\" data-id=\"032bf29\" data-element_type=\"widget\" data-e-type=\"widget\" data-widget_type=\"heading.default\">\n\t\t\t\t<div class=\"elementor-widget-container\">\n\t\t\t\t\t<h1 class=\"elementor-heading-title elementor-size-default translation-block\">High and multipotentials Create your career and make it happen!<\/h1>\t\t\t\t<\/div>\n\t\t\t\t<\/div>\n\t\t\t\t\t<\/div>\n\t\t<\/div>\n\t\t\t\t\t<\/div>\n\t\t<\/section>\n\t\t\t\t<section class=\"elementor-section elementor-top-section elementor-element elementor-element-f707503 elementor-section-boxed elementor-section-height-default elementor-section-height-default\" data-id=\"f707503\" data-element_type=\"section\" data-e-type=\"section\" data-settings=\"{&quot;ekit_has_onepagescroll_dot&quot;:&quot;yes&quot;}\">\n\t\t\t\t\t\t<div class=\"elementor-container elementor-column-gap-default\">\n\t\t\t\t\t<div class=\"elementor-column elementor-col-100 elementor-top-column elementor-element elementor-element-5d79c5d\" data-id=\"5d79c5d\" data-element_type=\"column\" data-e-type=\"column\">\n\t\t\t<div class=\"elementor-widget-wrap elementor-element-populated\">\n\t\t\t\t\t\t<div class=\"elementor-element elementor-element-30f49db elementor-tabs-view-horizontal elementor-widget elementor-widget-tabs\" data-id=\"30f49db\" data-element_type=\"widget\" data-e-type=\"widget\" data-widget_type=\"tabs.default\">\n\t\t\t\t<div class=\"elementor-widget-container\">\n\t\t\t\t\t\t\t<div class=\"elementor-tabs\">\n\t\t\t<div class=\"elementor-tabs-wrapper\" role=\"tablist\" >\n\t\t\t\t\t\t\t\t\t<div id=\"elementor-tab-title-5131\" class=\"elementor-tab-title elementor-tab-desktop-title\" aria-selected=\"true\" data-tab=\"1\" role=\"tab\" tabindex=\"0\" aria-controls=\"elementor-tab-content-5131\" aria-expanded=\"false\">Your challenge<\/div>\n\t\t\t\t\t\t\t\t\t<div id=\"elementor-tab-title-5132\" class=\"elementor-tab-title elementor-tab-desktop-title\" aria-selected=\"false\" data-tab=\"2\" role=\"tab\" tabindex=\"-1\" aria-controls=\"elementor-tab-content-5132\" aria-expanded=\"false\">You expect<\/div>\n\t\t\t\t\t\t\t\t\t<div id=\"elementor-tab-title-5133\" class=\"elementor-tab-title elementor-tab-desktop-title\" aria-selected=\"false\" data-tab=\"3\" role=\"tab\" tabindex=\"-1\" aria-controls=\"elementor-tab-content-5133\" aria-expanded=\"false\">If you do not change anything<\/div>\n\t\t\t\t\t\t\t<\/div>\n\t\t\t<div class=\"elementor-tabs-content-wrapper\" role=\"tablist\" aria-orientation=\"vertical\">\n\t\t\t\t\t\t\t\t\t<div class=\"elementor-tab-title elementor-tab-mobile-title\" aria-selected=\"true\" data-tab=\"1\" role=\"tab\" tabindex=\"0\" aria-controls=\"elementor-tab-content-5131\" aria-expanded=\"false\">Your challenge<\/div>\n\t\t\t\t\t<div id=\"elementor-tab-content-5131\" class=\"elementor-tab-content elementor-clearfix\" data-tab=\"1\" role=\"tabpanel\" aria-labelledby=\"elementor-tab-title-5131\" tabindex=\"0\" hidden=\"false\"><ul><li>You're bored in your job<\/li><li>You have several passions<\/li><li>Your brain never stops, and neither do your emotions<\/li><li>You procrastinate<\/li><li>You don't have a career strategy<\/li><li>You don't fit in<\/li><li>You don't know where to start<\/li><li>Vous ne savez pas par o\u00f9 commencer<\/li><\/ul><\/div>\n\t\t\t\t\t\t\t\t\t<div class=\"elementor-tab-title elementor-tab-mobile-title\" aria-selected=\"false\" data-tab=\"2\" role=\"tab\" tabindex=\"-1\" aria-controls=\"elementor-tab-content-5132\" aria-expanded=\"false\">You expect<\/div>\n\t\t\t\t\t<div id=\"elementor-tab-content-5132\" class=\"elementor-tab-content elementor-clearfix\" data-tab=\"2\" role=\"tabpanel\" aria-labelledby=\"elementor-tab-title-5132\" tabindex=\"0\" hidden=\"hidden\"><ul><li>Understand your HP\/multipotentials and use them throughout your professional and personal life<\/li><li>Clarify your vision &amp; goals and turn them into meaningful work<\/li><li>Create your professional ecosystem to move forward in a structured way<\/li><li>Make yourself visible to the right people to achieve your goals, dare to shine<\/li><li>Take action, get out of your head and your ideas\u00a0<\/li><li>Be supported<\/li><\/ul><\/div>\n\t\t\t\t\t\t\t\t\t<div class=\"elementor-tab-title elementor-tab-mobile-title\" aria-selected=\"false\" data-tab=\"3\" role=\"tab\" tabindex=\"-1\" aria-controls=\"elementor-tab-content-5133\" aria-expanded=\"false\">If you do not change anything<\/div>\n\t\t\t\t\t<div id=\"elementor-tab-content-5133\" class=\"elementor-tab-content elementor-clearfix\" data-tab=\"3\" role=\"tabpanel\" aria-labelledby=\"elementor-tab-title-5133\" tabindex=\"0\" hidden=\"hidden\"><ul><li>You won't reach your goals<\/li><li>You'll be at the same point next year<\/li><li>You won't gain self-confidence<\/li><li>You could be missing out on your life and only dreaming about it.<\/li><li>You could isolate yourself<\/li><li>You could be missing out on success and happiness (according to your own definition).<\/li><\/ul><\/div>\n\t\t\t\t\t\t\t<\/div>\n\t\t<\/div>\n\t\t\t\t\t\t<\/div>\n\t\t\t\t<\/div>\n\t\t\t\t\t<\/div>\n\t\t<\/div>\n\t\t\t\t\t<\/div>\n\t\t<\/section>\n\t\t\t\t<section class=\"elementor-section elementor-top-section elementor-element elementor-element-8d4ff0e elementor-section-boxed elementor-section-height-default elementor-section-height-default\" data-id=\"8d4ff0e\" data-element_type=\"section\" data-e-type=\"section\" data-settings=\"{&quot;ekit_has_onepagescroll_dot&quot;:&quot;yes&quot;}\">\n\t\t\t\t\t\t<div class=\"elementor-container elementor-column-gap-default\">\n\t\t\t\t\t<div class=\"elementor-column elementor-col-50 elementor-top-column elementor-element elementor-element-9f8c1f6\" data-id=\"9f8c1f6\" data-element_type=\"column\" data-e-type=\"column\">\n\t\t\t<div class=\"elementor-widget-wrap elementor-element-populated\">\n\t\t\t\t\t\t<div class=\"elementor-element elementor-element-ad9e18b elementor-widget elementor-widget-heading\" data-id=\"ad9e18b\" data-element_type=\"widget\" data-e-type=\"widget\" data-widget_type=\"heading.default\">\n\t\t\t\t<div class=\"elementor-widget-container\">\n\t\t\t\t\t<h2 class=\"elementor-heading-title elementor-size-default\">The proposed solution<\/h2>\t\t\t\t<\/div>\n\t\t\t\t<\/div>\n\t\t\t\t<div class=\"elementor-element elementor-element-329fbe7 elementor-widget-divider--view-line elementor-widget elementor-widget-divider\" data-id=\"329fbe7\" data-element_type=\"widget\" data-e-type=\"widget\" data-widget_type=\"divider.default\">\n\t\t\t\t<div class=\"elementor-widget-container\">\n\t\t\t\t\t\t\t<div class=\"elementor-divider\">\n\t\t\t<span class=\"elementor-divider-separator\">\n\t\t\t\t\t\t<\/span>\n\t\t<\/div>\n\t\t\t\t\t\t<\/div>\n\t\t\t\t<\/div>\n\t\t\t\t<div class=\"elementor-element elementor-element-6bfaccb elementor-widget elementor-widget-text-editor\" data-id=\"6bfaccb\" data-element_type=\"widget\" data-e-type=\"widget\" data-widget_type=\"text-editor.default\">\n\t\t\t\t<div class=\"elementor-widget-container\">\n\t\t\t\t\t\t\t\t\t<p><em>Are you ready to get involved, to change the situation because you can't afford to stay in the same situation a few months from now?<\/em><\/p><p><strong>Program in 12 sessions, and work to be done between sessions<\/strong><\/p><ul><li>Clarify your objective<\/li><li>Identify your talents and strengths to build on<\/li><li>Set up your professional ecosystem to focus and achieve concrete results<\/li><li>Define your plan - so you can adjust throughout your working life<\/li><li>Communicate - Optimize your linkedin profile to reach the \"right\" people<\/li><li>By taking your specific HP needs into account throughout the program.<\/li><\/ul><div>\u00a0<\/div><p><strong>Contactez-moi pour plus d&rsquo;information<br \/><\/strong><\/p>\t\t\t\t\t\t\t\t<\/div>\n\t\t\t\t<\/div>\n\t\t\t\t\t<\/div>\n\t\t<\/div>\n\t\t\t\t<div class=\"elementor-column elementor-col-50 elementor-top-column elementor-element elementor-element-d220dbe\" data-id=\"d220dbe\" data-element_type=\"column\" data-e-type=\"column\">\n\t\t\t<div class=\"elementor-widget-wrap elementor-element-populated\">\n\t\t\t\t\t\t<div class=\"elementor-element elementor-element-21613f2 elementor-widget elementor-widget-image\" data-id=\"21613f2\" data-element_type=\"widget\" data-e-type=\"widget\" data-widget_type=\"image.default\">\n\t\t\t\t<div class=\"elementor-widget-container\">\n\t\t\t\t\t\t\t\t\t\t\t\t\t\t\t<img fetchpriority=\"high\" decoding=\"async\" width=\"800\" height=\"533\" src=\"https:\/\/marionfontaine.com\/wp-content\/uploads\/2023\/07\/Flyer-1200x800.jpg\" class=\"attachment-large size-large wp-image-384\" alt=\"\" srcset=\"https:\/\/marionfontaine.com\/wp-content\/uploads\/2023\/07\/Flyer-1200x800.jpg 1200w, https:\/\/marionfontaine.com\/wp-content\/uploads\/2023\/07\/Flyer-600x400.jpg 600w, https:\/\/marionfontaine.com\/wp-content\/uploads\/2023\/07\/Flyer-500x333.jpg 500w, https:\/\/marionfontaine.com\/wp-content\/uploads\/2023\/07\/Flyer-768x512.jpg 768w, https:\/\/marionfontaine.com\/wp-content\/uploads\/2023\/07\/Flyer-1536x1024.jpg 1536w, https:\/\/marionfontaine.com\/wp-content\/uploads\/2023\/07\/Flyer-2048x1365.jpg 2048w\" sizes=\"(max-width: 800px) 100vw, 800px\" \/>\t\t\t\t\t\t\t\t\t\t\t\t\t\t\t<\/div>\n\t\t\t\t<\/div>\n\t\t\t\t\t<\/div>\n\t\t<\/div>\n\t\t\t\t\t<\/div>\n\t\t<\/section>\n\t\t\t\t<section class=\"elementor-section elementor-top-section elementor-element elementor-element-b48a2ce elementor-section-boxed elementor-section-height-default elementor-section-height-default\" data-id=\"b48a2ce\" data-element_type=\"section\" data-e-type=\"section\" data-settings=\"{&quot;ekit_has_onepagescroll_dot&quot;:&quot;yes&quot;}\">\n\t\t\t\t\t\t<div class=\"elementor-container elementor-column-gap-default\">\n\t\t\t\t\t<div class=\"elementor-column elementor-col-66 elementor-top-column elementor-element elementor-element-2ae4b57\" data-id=\"2ae4b57\" data-element_type=\"column\" data-e-type=\"column\">\n\t\t\t<div class=\"elementor-widget-wrap elementor-element-populated\">\n\t\t\t\t\t\t<div class=\"elementor-element elementor-element-da2628b elementor-widget elementor-widget-heading\" data-id=\"da2628b\" data-element_type=\"widget\" data-e-type=\"widget\" data-widget_type=\"heading.default\">\n\t\t\t\t<div class=\"elementor-widget-container\">\n\t\t\t\t\t<h2 class=\"elementor-heading-title elementor-size-default\">Your partner\u00a0<\/h2>\t\t\t\t<\/div>\n\t\t\t\t<\/div>\n\t\t\t\t<div class=\"elementor-element elementor-element-ea61b17 elementor-widget-divider--view-line elementor-widget elementor-widget-divider\" data-id=\"ea61b17\" data-element_type=\"widget\" data-e-type=\"widget\" data-widget_type=\"divider.default\">\n\t\t\t\t<div class=\"elementor-widget-container\">\n\t\t\t\t\t\t\t<div class=\"elementor-divider\">\n\t\t\t<span class=\"elementor-divider-separator\">\n\t\t\t\t\t\t<\/span>\n\t\t<\/div>\n\t\t\t\t\t\t<\/div>\n\t\t\t\t<\/div>\n\t\t\t\t<div class=\"elementor-element elementor-element-f048d9f elementor-widget elementor-widget-text-editor\" data-id=\"f048d9f\" data-element_type=\"widget\" data-e-type=\"widget\" data-widget_type=\"text-editor.default\">\n\t\t\t\t<div class=\"elementor-widget-container\">\n\t\t\t\t\t\t\t\t\t<ul><li>Sp\u00e9cialiste des HPI et multupotentiels, multi-casquettes valid\u00e9es par les certifications associ\u00e9es, une exp\u00e9rience de plus de 25 ans dans le monde corporate \u00e0 l\u2019international, et auto-entrepreneuse depuis 7 ans.<\/li><li>Je suis \u00e0 la fois cr\u00e9atrice et strat\u00e8ge (confirm\u00e9 par mes Clifton Strengths), et j\u2019aime \u00e9galement\u00a0 les r\u00e9sultats concrets (je g\u00e8re des projets strat\u00e9giques mondiaux depuis des ann\u00e9es).<\/li><li>Enfin, j\u2019ai une expertise en formation et d\u00e9veloppement des talents, et \u00e9galement en prise de parole en public.<\/li><li>A career portfolio, you say?<\/li><\/ul>\t\t\t\t\t\t\t\t<\/div>\n\t\t\t\t<\/div>\n\t\t\t\t\t<\/div>\n\t\t<\/div>\n\t\t\t\t<div class=\"elementor-column elementor-col-33 elementor-top-column elementor-element elementor-element-6bb2664\" data-id=\"6bb2664\" data-element_type=\"column\" data-e-type=\"column\">\n\t\t\t<div class=\"elementor-widget-wrap elementor-element-populated\">\n\t\t\t\t\t\t<div class=\"elementor-element elementor-element-35b52cd elementor-widget elementor-widget-image\" data-id=\"35b52cd\" data-element_type=\"widget\" data-e-type=\"widget\" data-widget_type=\"image.default\">\n\t\t\t\t<div class=\"elementor-widget-container\">\n\t\t\t\t\t\t\t\t\t\t\t\t\t\t\t<img decoding=\"async\" width=\"800\" height=\"1200\" src=\"https:\/\/marionfontaine.com\/wp-content\/uploads\/2023\/11\/marion-3-800x1200.jpg\" class=\"attachment-large size-large wp-image-1085\" alt=\"\" srcset=\"https:\/\/marionfontaine.com\/wp-content\/uploads\/2023\/11\/marion-3-800x1200.jpg 800w, https:\/\/marionfontaine.com\/wp-content\/uploads\/2023\/11\/marion-3-scaled-600x900.jpg 600w, https:\/\/marionfontaine.com\/wp-content\/uploads\/2023\/11\/marion-3-333x500.jpg 333w, https:\/\/marionfontaine.com\/wp-content\/uploads\/2023\/11\/marion-3-768x1152.jpg 768w, https:\/\/marionfontaine.com\/wp-content\/uploads\/2023\/11\/marion-3-1024x1536.jpg 1024w, https:\/\/marionfontaine.com\/wp-content\/uploads\/2023\/11\/marion-3-1365x2048.jpg 1365w, https:\/\/marionfontaine.com\/wp-content\/uploads\/2023\/11\/marion-3-scaled.jpg 1707w\" sizes=\"(max-width: 800px) 100vw, 800px\" \/>\t\t\t\t\t\t\t\t\t\t\t\t\t\t\t<\/div>\n\t\t\t\t<\/div>\n\t\t\t\t\t<\/div>\n\t\t<\/div>\n\t\t\t\t\t<\/div>\n\t\t<\/section>\n\t\t\t\t<section class=\"elementor-section elementor-top-section elementor-element elementor-element-4da5f3f elementor-section-boxed elementor-section-height-default elementor-section-height-default\" data-id=\"4da5f3f\" data-element_type=\"section\" data-e-type=\"section\" data-settings=\"{&quot;ekit_has_onepagescroll_dot&quot;:&quot;yes&quot;}\">\n\t\t\t\t\t\t<div class=\"elementor-container elementor-column-gap-default\">\n\t\t\t\t\t<div class=\"elementor-column elementor-col-100 elementor-top-column elementor-element elementor-element-49b87b1\" data-id=\"49b87b1\" data-element_type=\"column\" data-e-type=\"column\">\n\t\t\t<div class=\"elementor-widget-wrap elementor-element-populated\">\n\t\t\t\t\t\t<div class=\"elementor-element elementor-element-3655880 elementor-widget elementor-widget-heading\" data-id=\"3655880\" data-element_type=\"widget\" data-e-type=\"widget\" data-widget_type=\"heading.default\">\n\t\t\t\t<div class=\"elementor-widget-container\">\n\t\t\t\t\t<h2 class=\"elementor-heading-title elementor-size-default\">Testimonials<\/h2>\t\t\t\t<\/div>\n\t\t\t\t<\/div>\n\t\t\t\t<div class=\"elementor-element elementor-element-402a57c elementor-widget-divider--view-line elementor-widget elementor-widget-divider\" data-id=\"402a57c\" data-element_type=\"widget\" data-e-type=\"widget\" data-widget_type=\"divider.default\">\n\t\t\t\t<div class=\"elementor-widget-container\">\n\t\t\t\t\t\t\t<div class=\"elementor-divider\">\n\t\t\t<span class=\"elementor-divider-separator\">\n\t\t\t\t\t\t<\/span>\n\t\t<\/div>\n\t\t\t\t\t\t<\/div>\n\t\t\t\t<\/div>\n\t\t\t\t\t<\/div>\n\t\t<\/div>\n\t\t\t\t\t<\/div>\n\t\t<\/section>\n\t\t\t\t<section class=\"elementor-section elementor-top-section elementor-element elementor-element-d5e4224 elementor-section-boxed elementor-section-height-default elementor-section-height-default\" data-id=\"d5e4224\" data-element_type=\"section\" data-e-type=\"section\" data-settings=\"{&quot;ekit_has_onepagescroll_dot&quot;:&quot;yes&quot;}\">\n\t\t\t\t\t\t<div class=\"elementor-container elementor-column-gap-default\">\n\t\t\t\t\t<div class=\"elementor-column elementor-col-100 elementor-top-column elementor-element elementor-element-a56b8d7\" data-id=\"a56b8d7\" data-element_type=\"column\" data-e-type=\"column\">\n\t\t\t<div class=\"elementor-widget-wrap\">\n\t\t\t\t\t\t\t<\/div>\n\t\t<\/div>\n\t\t\t\t\t<\/div>\n\t\t<\/section>\n\t\t\t\t<\/div>","protected":false},"excerpt":{"rendered":"<p>Hauts et MultipotentielsCr\u00e9ez votre carri\u00e8re et concr\u00e9tisez-la ! Votre probl\u00e9matique Vous souhaitez Si vous ne changez rien Votre probl\u00e9matique Vous vous ennuyez dans votre job Vous avez plusieurs passions Votre cerveau ne s\u2019arr\u00eate jamais, vos \u00e9motions non plus Vous procrastinez Vous n\u2019avez pas de strat\u00e9gie de carri\u00e8re Vous ne trouvez pas votre place Vous vous [&hellip;]<\/p>\n","protected":false},"author":1,"featured_media":0,"parent":0,"menu_order":0,"comment_status":"closed","ping_status":"closed","template":"","meta":{"footnotes":""},"class_list":["post-261","page","type-page","status-publish","hentry"],"_links":{"self":[{"href":"https:\/\/marionfontaine.com\/en\/wp-json\/wp\/v2\/pages\/261","targetHints":{"allow":["GET"]}}],"collection":[{"href":"https:\/\/marionfontaine.com\/en\/wp-json\/wp\/v2\/pages"}],"about":[{"href":"https:\/\/marionfontaine.com\/en\/wp-json\/wp\/v2\/types\/page"}],"author":[{"embeddable":true,"href":"https:\/\/marionfontaine.com\/en\/wp-json\/wp\/v2\/users\/1"}],"replies":[{"embeddable":true,"href":"https:\/\/marionfontaine.com\/en\/wp-json\/wp\/v2\/comments?post=261"}],"version-history":[{"count":0,"href":"https:\/\/marionfontaine.com\/en\/wp-json\/wp\/v2\/pages\/261\/revisions"}],"wp:attachment":[{"href":"https:\/\/marionfontaine.com\/en\/wp-json\/wp\/v2\/media?parent=261"}],"curies":[{"name":"wp","href":"https:\/\/api.w.org\/{rel}","templated":true}]}}