{"id":1600,"date":"2024-01-11T12:58:19","date_gmt":"2024-01-11T12:58:19","guid":{"rendered":"https:\/\/marionfontainetest.me\/?page_id=1600"},"modified":"2024-01-12T18:11:05","modified_gmt":"2024-01-12T18:11:05","slug":"cgu","status":"publish","type":"page","link":"https:\/\/marionfontaine.com\/en\/cgu\/","title":{"rendered":"CGU"},"content":{"rendered":"<div data-elementor-type=\"wp-page\" data-elementor-id=\"1600\" class=\"elementor elementor-1600\" data-elementor-post-type=\"page\">\n\t\t\t\t\t\t<section class=\"elementor-section elementor-top-section elementor-element elementor-element-22571432 elementor-section-height-min-height elementor-section-boxed elementor-section-height-default elementor-section-items-middle\" data-id=\"22571432\" data-element_type=\"section\" data-e-type=\"section\" data-settings=\"{&quot;background_background&quot;:&quot;classic&quot;,&quot;ekit_has_onepagescroll_dot&quot;:&quot;yes&quot;}\">\n\t\t\t\t\t\t<div class=\"elementor-container elementor-column-gap-default\">\n\t\t\t\t\t<div class=\"elementor-column elementor-col-100 elementor-top-column elementor-element elementor-element-e9b946a\" data-id=\"e9b946a\" data-element_type=\"column\" data-e-type=\"column\">\n\t\t\t<div class=\"elementor-widget-wrap elementor-element-populated\">\n\t\t\t\t\t\t<div class=\"elementor-element elementor-element-2b2923f2 elementor-widget elementor-widget-heading\" data-id=\"2b2923f2\" data-element_type=\"widget\" data-e-type=\"widget\" data-widget_type=\"heading.default\">\n\t\t\t\t<div class=\"elementor-widget-container\">\n\t\t\t\t\t<h1 class=\"elementor-heading-title elementor-size-default\">Condition g\u00e9n\u00e9rales d'utilisation<\/h1>\t\t\t\t<\/div>\n\t\t\t\t<\/div>\n\t\t\t\t\t<\/div>\n\t\t<\/div>\n\t\t\t\t\t<\/div>\n\t\t<\/section>\n\t\t\t\t<section class=\"elementor-section elementor-top-section elementor-element elementor-element-5cb580f elementor-section-boxed elementor-section-height-default elementor-section-height-default\" data-id=\"5cb580f\" data-element_type=\"section\" data-e-type=\"section\" data-settings=\"{&quot;ekit_has_onepagescroll_dot&quot;:&quot;yes&quot;}\">\n\t\t\t\t\t\t<div class=\"elementor-container elementor-column-gap-default\">\n\t\t\t\t\t<div class=\"elementor-column elementor-col-100 elementor-top-column elementor-element elementor-element-2cd3463\" data-id=\"2cd3463\" data-element_type=\"column\" data-e-type=\"column\">\n\t\t\t<div class=\"elementor-widget-wrap elementor-element-populated\">\n\t\t\t\t\t\t<div class=\"elementor-element elementor-element-df756ce elementor-widget elementor-widget-text-editor\" data-id=\"df756ce\" data-element_type=\"widget\" data-e-type=\"widget\" data-widget_type=\"text-editor.default\">\n\t\t\t\t<div class=\"elementor-widget-container\">\n\t\t\t\t\t\t\t\t\t<div class=\"et_pb_module et_pb_text et_pb_text_1 et_pb_text_align_left et_pb_bg_layout_light\">\n<div class=\"et_pb_text_inner\">\n<h2>Mentions l\u00e9gales et conditions d\u2019utilisation<\/h2>\n<\/div>\n<\/div>\n<div class=\"et_pb_module et_pb_divider et_pb_divider_0 et_pb_divider_position_ et_pb_space\">\n<div class=\"et_pb_divider_internal\">&nbsp;<\/div>\n<\/div>\n<div class=\"et_pb_module et_pb_text et_pb_text_2 et_pb_text_align_left et_pb_bg_layout_light\">\n<div class=\"et_pb_text_inner\">\n<h2>Qui sommes-nous ?<\/h2>\n<\/div>\n<\/div>\n<div class=\"et_pb_module et_pb_text et_pb_text_3 et_pb_text_align_left et_pb_bg_layout_light\">\n<div class=\"et_pb_text_inner\">\n<p>Marion Fontaine,<br>06160 Juan Les Pins,<br>SIRET : 84222310900021 ,<br>contact@marionfontaine.com<\/p>\n<\/div>\n<\/div>\n<div class=\"et_pb_module et_pb_text et_pb_text_4 et_pb_text_align_left et_pb_bg_layout_light\">\n<div class=\"et_pb_text_inner\">\n<p>La consultation du Site est subordonn\u00e9e \u00e0 l\u2019acceptation int\u00e9grale et au respect par les internautes, des conditions d\u2019utilisation suivantes.<\/p>\n<p>De mani\u00e8re g\u00e9n\u00e9rale, les donn\u00e9es, les informations, les logos, les identit\u00e9s visuelles, les images et leurs mises en forme, les vid\u00e9os, apparaissant sur le Site sont la propri\u00e9t\u00e9 de&nbsp;Marion Fontaine et sont prot\u00e9g\u00e9es \u00e0 ce titre par les dispositions du Code de la propri\u00e9t\u00e9 intellectuelle.&nbsp;Tout internaute s\u2019engage \u00e0 ne pas les utiliser que dans le strict cadre offert par le Site.<\/p>\n<p><\/p>\n<\/div>\n<\/div>\n<div class=\"et_pb_module et_pb_text et_pb_text_5 et_pb_text_align_left et_pb_bg_layout_light\">\n<div class=\"et_pb_text_inner\">\n<h2>&nbsp;<\/h2>\n<\/div>\n<\/div>\n<div class=\"et_pb_module et_pb_text et_pb_text_6 et_pb_text_align_left et_pb_bg_layout_light\">\n<div class=\"et_pb_text_inner\">&nbsp;<\/div>\n<\/div>\n<div class=\"et_pb_module et_pb_text et_pb_text_7 et_pb_text_align_left et_pb_bg_layout_light\">\n<div class=\"et_pb_text_inner\">\n<h1>Utilisation des donn\u00e9es personnelles collect\u00e9es<\/h1>\n<\/div>\n<\/div>\n<div class=\"et_pb_module et_pb_text et_pb_text_8 et_pb_text_align_left et_pb_bg_layout_light\">\n<div class=\"et_pb_text_inner\">\n<h2>Commentaires<\/h2>\n<\/div>\n<\/div>\n<div class=\"et_pb_module et_pb_text et_pb_text_9 et_pb_text_align_left et_pb_bg_layout_light\">\n<div class=\"et_pb_text_inner\">\n<p>Quand vous laissez un commentaire sur notre site web, les donn\u00e9es inscrites dans le formulaire de commentaire, mais aussi votre adresse IP et l\u2019agent utilisateur de votre navigateur sont collect\u00e9s pour nous aider \u00e0 la d\u00e9tection des commentaires ind\u00e9sirables.<br>Une cha\u00eene anonymis\u00e9e cr\u00e9\u00e9e \u00e0 partir de votre adresse de messagerie (\u00e9galement appel\u00e9e hash) peut \u00eatre envoy\u00e9e au service Gravatar pour v\u00e9rifier si vous utilisez ce dernier. Les clauses de confidentialit\u00e9 du service Gravatar sont disponibles ici : https:\/\/automattic.com\/privacy\/. Apr\u00e8s validation de votre commentaire, votre photo de profil sera visible publiquement \u00e0 cot\u00e9 de votre commentaire.<\/p>\n<\/div>\n<\/div>\n<div class=\"et_pb_module et_pb_text et_pb_text_10 et_pb_text_align_left et_pb_bg_layout_light\">\n<div class=\"et_pb_text_inner\">\n<h2>Formulaires de contact<\/h2>\n<\/div>\n<\/div>\n<div class=\"et_pb_module et_pb_text et_pb_text_11 et_pb_text_align_left et_pb_bg_layout_light\">\n<div class=\"et_pb_text_inner\">\n<h3>Traitement des donn\u00e9es<\/h3>\n<\/div>\n<\/div>\n<div class=\"et_pb_module et_pb_text et_pb_text_12 et_pb_text_align_left et_pb_bg_layout_light\">\n<div class=\"et_pb_text_inner\">\n<p>Les informations que Marion Fontaine serait susceptible de r\u00e9unir r\u00e9sultent de l\u2019enregistrement volontaire de coordonn\u00e9es fournies par l\u2019internaute lui permettant de recevoir une documentation un devis ou de se renseigner sur un point quelconque. Marion Fontaine s\u2019engage \u00e0 ne pas transmettre ces donn\u00e9es \u00e0 des tiers.<\/p>\n<\/div>\n<\/div>\n<div class=\"et_pb_module et_pb_text et_pb_text_13 et_pb_text_align_left et_pb_bg_layout_light\">\n<div class=\"et_pb_text_inner\">\n<h3>Transmission de vos donn\u00e9es personnelles<\/h3>\n<\/div>\n<\/div>\n<div class=\"et_pb_module et_pb_text et_pb_text_14 et_pb_text_align_left et_pb_bg_layout_light\">\n<div class=\"et_pb_text_inner\">\n<p>Les commentaires des visiteurs peuvent \u00eatre v\u00e9rifi\u00e9s \u00e0 l\u2019aide d\u2019un service automatis\u00e9 de d\u00e9tection des commentaires ind\u00e9sirables.<\/p>\n<\/div>\n<\/div>\n<div class=\"et_pb_module et_pb_text et_pb_text_15 et_pb_text_align_left et_pb_bg_layout_light\">\n<div class=\"et_pb_text_inner\">\n<h3>Droit de modification ou suppression de donn\u00e9es personnelles<\/h3>\n<\/div>\n<\/div>\n<div class=\"et_pb_module et_pb_text et_pb_text_16 et_pb_text_align_left et_pb_bg_layout_light\">\n<div class=\"et_pb_text_inner\">\n<p>Conform\u00e9ment \u00e0 la loi&nbsp;n\u00b078-17&nbsp;\u00ab Informatique et Libert\u00e9s \u00bb du 6 janvier 1978&nbsp;modifi\u00e9es et au R\u00e8glement (UE) 2016\/679 du Parlement europ\u00e9en et du Conseil du 27 avril 2016 dit \u00ab&nbsp;<em>RGPD&nbsp;<\/em>\u00bb,&nbsp;vous disposez d\u2019un droit d\u2019acc\u00e8s, d\u2019interrogation et de rectification qui vous permette, le cas \u00e9ch\u00e9ant, de faire modifier, compl\u00e9ter, mettre \u00e0 jour ou effacer les donn\u00e9es personnelles vous concernant. Vous disposez \u00e9galement d\u2019un droit d\u2019opposition au traitement de ses donn\u00e9es pour des motifs l\u00e9gitimes ainsi qu\u2019un droit d\u2019opposition \u00e0 ce que ces donn\u00e9es soient utilis\u00e9es \u00e0 des fins de prospection commerciale.<br>Vous pouvez, \u00e0 tout moment, demander \u00e0 exercer ce droit en nous contactant par mail \u00e0 l\u2019adresse<\/p>\n<\/div>\n<\/div>\n<div class=\"et_pb_module et_pb_text et_pb_text_17 et_pb_text_align_left et_pb_bg_layout_light\">\n<div class=\"et_pb_text_inner\">\n<h2>Cookies<\/h2>\n<\/div>\n<\/div>\n<div class=\"et_pb_module et_pb_text et_pb_text_18 et_pb_text_align_left et_pb_bg_layout_light\">\n<div class=\"et_pb_text_inner\">\n<h3>Qu\u2019est-ce qu\u2019un cookie?<\/h3>\n<\/div>\n<\/div>\n<div class=\"et_pb_module et_pb_text et_pb_text_19 et_pb_text_align_left et_pb_bg_layout_light\">\n<div class=\"et_pb_text_inner\">\n<p>Un cookie est un petit morceau de donn\u00e9es qu\u2019un site Web stocke sur votre appareil lorsque vous visitez, contenant g\u00e9n\u00e9ralement des informations sur le site Web lui-m\u00eame, un identifiant unique qui permet au site de reconna\u00eetre votre navigateur Web lorsque vous revenez, des donn\u00e9es suppl\u00e9mentaires qui servent au cookie et la dur\u00e9e de vie du cookie lui-m\u00eame.<\/p>\n<p>Les cookies sont utilis\u00e9s pour activer certaines fonctionnalit\u00e9s (par exemple, la connexion), pour suivre l\u2019utilisation du site (par exemple, l\u2019analyse), pour stocker vos param\u00e8tres utilisateur (par exemple, le fuseau horaire, les pr\u00e9f\u00e9rences de notification) et pour personnaliser votre contenu (par exemple, la publicit\u00e9, la langue)<\/p>\n<p>Les cookies d\u00e9finis par le site Web que vous visitez sont g\u00e9n\u00e9ralement appel\u00e9s \u00abcookies propri\u00e9taires\u00bb et ne suivent g\u00e9n\u00e9ralement que votre activit\u00e9 sur ce site particulier. Les cookies d\u00e9finis par d\u2019autres sites et soci\u00e9t\u00e9s (c.-\u00e0-d. Des tiers) sont appel\u00e9s \u00abcookies tiers\u00bb et peuvent \u00eatre utilis\u00e9s pour vous suivre sur d\u2019autres sites Web qui utilisent le m\u00eame service tiers.<\/p>\n<\/div>\n<\/div>\n<div class=\"et_pb_module et_pb_text et_pb_text_20 et_pb_text_align_left et_pb_bg_layout_light\">\n<div class=\"et_pb_text_inner\">\n<h3>Politique de cookies<\/h3>\n<\/div>\n<\/div>\n<div class=\"et_pb_module et_pb_text et_pb_text_21 et_pb_text_align_left et_pb_bg_layout_light\">\n<div class=\"et_pb_text_inner\">\n<p>Nous utilisons des cookies pour am\u00e9liorer votre exp\u00e9rience de https:\/\/marionfontaine.com\/. Cette politique de cookies fait partie de la politique de confidentialit\u00e9 de Marion Fontaine et couvre l\u2019utilisation de cookies entre votre appareil et notre site. Nous fournissons \u00e9galement des informations de base sur les services tiers que nous pouvons utiliser, qui peuvent \u00e9galement utiliser des cookies dans le cadre de leur service, bien qu\u2019ils ne soient pas couverts par notre politique.<\/p>\n<p>Si vous ne souhaitez pas accepter les cookies de notre part, vous devez demander \u00e0 votre navigateur de refuser les cookies de https:\/\/marionfontaine.coach, \u00e9tant entendu que nous ne pourrons peut-\u00eatre pas vous fournir certains de vos contenus et services souhait\u00e9s.<\/p>\n<p>Si vous d\u00e9posez un commentaire sur notre site, il vous sera propos\u00e9 d\u2019enregistrer votre nom, adresse de messagerie et site web dans des cookies. C\u2019est uniquement pour votre confort afin de ne pas avoir \u00e0 saisir ces informations si vous d\u00e9posez un autre commentaire plus tard. Ces cookies expirent au bout d\u2019un an<strong>.<\/strong><\/p>\n<p>Si vous vous rendez sur la page de connexion, un cookie temporaire sera cr\u00e9\u00e9 afin de d\u00e9terminer si votre navigateur accepte les cookies. Il ne contient pas de donn\u00e9es personnelles et sera supprim\u00e9 automatiquement \u00e0 la fermeture de votre navigateur.<\/p>\n<p>Lorsque vous vous connecterez, nous mettrons en place un certain nombre de cookies pour enregistrer vos informations de connexion et vos pr\u00e9f\u00e9rences d\u2019\u00e9cran. La dur\u00e9e de vie d\u2019un cookie de connexion est de deux jours, celle d\u2019un cookie d\u2019option d\u2019\u00e9cran est d\u2019un an. Si vous cochez \u00ab&nbsp;Se souvenir de moi&nbsp;\u00bb, votre cookie de connexion sera conserv\u00e9 pendant deux semaines. Si vous vous d\u00e9connectez de votre compte, le cookie de connexion sera effac\u00e9.<\/p>\n<p>En modifiant ou en publiant une publication, un cookie suppl\u00e9mentaire sera enregistr\u00e9 dans votre navigateur. Ce cookie ne comprend aucune donn\u00e9e personnelle. Il indique simplement l\u2019ID de la publication que vous venez de modifier. Il expire au bout d\u2019un jour.<\/p>\n<\/div>\n<\/div>\n<div class=\"et_pb_module et_pb_text et_pb_text_22 et_pb_text_align_left et_pb_bg_layout_light\">\n<div class=\"et_pb_text_inner\">\n<h2>Contenu embarqu\u00e9 depuis d\u2019autres sites<\/h2>\n<\/div>\n<\/div>\n<div class=\"et_pb_module et_pb_text et_pb_text_23 et_pb_text_align_left et_pb_bg_layout_light\">\n<div class=\"et_pb_text_inner\">\n<p>Les articles de ce site peuvent inclure des contenus int\u00e9gr\u00e9s (par exemple des vid\u00e9os, images, articles\u2026). Le contenu int\u00e9gr\u00e9 depuis d\u2019autres sites se comporte de la m\u00eame mani\u00e8re que si le visiteur se rendait sur cet autre site.<\/p>\n<p>Ces sites web pourraient collecter des donn\u00e9es sur vous, utiliser des cookies, embarquer des outils de suivis tiers, suivre vos interactions avec ces contenus embarqu\u00e9s si vous disposez d\u2019un compte connect\u00e9 sur leur site web.<\/p>\n<\/div>\n<\/div>\n<div class=\"et_pb_module et_pb_text et_pb_text_24 et_pb_text_align_left et_pb_bg_layout_light\">\n<div class=\"et_pb_text_inner\">\n<h1>Utilisation et transmission de vos donn\u00e9es personnelles.<br>Dur\u00e9es de stockage de vos donn\u00e9es.<\/h1>\n<\/div>\n<\/div>\n<div class=\"et_pb_module et_pb_text et_pb_text_25 et_pb_text_align_left et_pb_bg_layout_light\">\n<div class=\"et_pb_text_inner\">\n<p>Si vous laissez un commentaire, le commentaire et ses m\u00e9tadonn\u00e9es sont conserv\u00e9s ind\u00e9finiment. Cela permet de reconna\u00eetre et approuver automatiquement les commentaires suivants au lieu de les laisser dans la file de mod\u00e9ration.<\/p>\n<p>Pour les utilisateurs et utilisatrices qui s\u2019enregistrent sur notre site (si cela est possible), nous stockons \u00e9galement les donn\u00e9es personnelles indiqu\u00e9es dans leur profil. Tous les utilisateurs et utilisatrices peuvent voir, modifier ou supprimer leurs informations personnelles \u00e0 tout moment (\u00e0 l\u2019exception de leur nom d\u2019utilisateur\u00b7ice). Les gestionnaires du site peuvent aussi voir et modifier ces informations.<\/p>\n<p><\/p>\n<\/div>\n<\/div>\n<div class=\"et_pb_module et_pb_text et_pb_text_26 et_pb_text_align_left et_pb_bg_layout_light\">\n<div class=\"et_pb_text_inner\">\n<p>Conform\u00e9ment \u00e0 la loi&nbsp;n\u00b078-17 \u00ab Informatique et Libert\u00e9s \u00bb du 6 janvier 1978 modifi\u00e9es et au R\u00e8glement (UE) 2016\/679 du Parlement europ\u00e9en et du Conseil du 27 avril 2016 dit \u00ab&nbsp;<em>RGPD&nbsp;<\/em>\u00bb,&nbsp;vous disposez d\u2019un droit d\u2019acc\u00e8s, d\u2019interrogation et de rectification qui vous permette, le cas \u00e9ch\u00e9ant, de faire modifier, compl\u00e9ter, mettre \u00e0 jour ou effacer les donn\u00e9es personnelles vous concernant. Vous disposez \u00e9galement d\u2019un droit d\u2019opposition au traitement de ses donn\u00e9es pour des motifs l\u00e9gitimes ainsi qu\u2019un droit d\u2019opposition \u00e0 ce que ces donn\u00e9es soient utilis\u00e9es \u00e0 des fins de prospection commerciale.<br>Vous pouvez, \u00e0 tout moment, demander \u00e0 exercer ce droit en nous contactant par mail \u00e0 l\u2019adresse :&nbsp;<\/p>\n<p><strong>contact@marionfontaine.com<\/strong><\/p>\n<p><\/p>\n<\/div>\n<\/div>\n<div class=\"et_pb_module et_pb_text et_pb_text_27 et_pb_text_align_left et_pb_bg_layout_light\">\n<div class=\"et_pb_text_inner\">\n<h2>Les droits que vous avez sur vos donn\u00e9es<\/h2>\n<\/div>\n<\/div>\n<div class=\"et_pb_module et_pb_text et_pb_text_28 et_pb_text_align_left et_pb_bg_layout_light\">\n<div class=\"et_pb_text_inner\">\n<p>Si vous avez un compte ou si vous avez laiss\u00e9 des commentaires sur le site, vous pouvez demander \u00e0 recevoir un fichier contenant toutes les donn\u00e9es personnelles que nous poss\u00e9dons \u00e0 votre sujet, incluant celles que vous nous avez fournies. Vous pouvez \u00e9galement demander la suppression des donn\u00e9es personnelles vous concernant. Cela ne prend pas en compte les donn\u00e9es stock\u00e9es \u00e0 des fins administratives, l\u00e9gales ou pour des raisons de s\u00e9curit\u00e9.<\/p>\n<\/div>\n<\/div>\n<div class=\"et_pb_module et_pb_text et_pb_text_29 et_pb_text_align_left et_pb_bg_layout_light\">\n<div class=\"et_pb_text_inner\">\n<h2>Responsable de traitement et coordonn\u00e9es<\/h2>\n<\/div>\n<\/div>\n<div class=\"et_pb_module et_pb_text et_pb_text_30 et_pb_text_align_left et_pb_bg_layout_light\">\n<div class=\"et_pb_text_inner\">\n<p><strong>Marion Fontaine<\/strong><br>06160 Juan Les Pins,<\/p>\n<p><em>contact@marionfontaine.com<\/em><\/p>\n<\/div>\n<\/div>\n<p><br><\/p>\t\t\t\t\t\t\t\t<\/div>\n\t\t\t\t<\/div>\n\t\t\t\t\t<\/div>\n\t\t<\/div>\n\t\t\t\t\t<\/div>\n\t\t<\/section>\n\t\t\t\t<\/div>","protected":false},"excerpt":{"rendered":"<p>Condition g\u00e9n\u00e9rales d&rsquo;utilisation Mentions l\u00e9gales et conditions d\u2019utilisation &nbsp; Qui sommes-nous ? Marion Fontaine,06160 Juan Les Pins,SIRET : 84222310900021 ,contact@marionfontaine.com La consultation du Site est subordonn\u00e9e \u00e0 l\u2019acceptation int\u00e9grale et au respect par les internautes, des conditions d\u2019utilisation suivantes. De mani\u00e8re g\u00e9n\u00e9rale, les donn\u00e9es, les informations, les logos, les identit\u00e9s visuelles, les images et leurs [&hellip;]<\/p>","protected":false},"author":1,"featured_media":0,"parent":0,"menu_order":0,"comment_status":"closed","ping_status":"closed","template":"","meta":{"footnotes":""},"class_list":["post-1600","page","type-page","status-publish","hentry"],"_links":{"self":[{"href":"https:\/\/marionfontaine.com\/en\/wp-json\/wp\/v2\/pages\/1600","targetHints":{"allow":["GET"]}}],"collection":[{"href":"https:\/\/marionfontaine.com\/en\/wp-json\/wp\/v2\/pages"}],"about":[{"href":"https:\/\/marionfontaine.com\/en\/wp-json\/wp\/v2\/types\/page"}],"author":[{"embeddable":true,"href":"https:\/\/marionfontaine.com\/en\/wp-json\/wp\/v2\/users\/1"}],"replies":[{"embeddable":true,"href":"https:\/\/marionfontaine.com\/en\/wp-json\/wp\/v2\/comments?post=1600"}],"version-history":[{"count":0,"href":"https:\/\/marionfontaine.com\/en\/wp-json\/wp\/v2\/pages\/1600\/revisions"}],"wp:attachment":[{"href":"https:\/\/marionfontaine.com\/en\/wp-json\/wp\/v2\/media?parent=1600"}],"curies":[{"name":"wp","href":"https:\/\/api.w.org\/{rel}","templated":true}]}}